{"id":7423,"date":"2023-01-06T17:36:08","date_gmt":"2023-01-06T17:36:08","guid":{"rendered":"https:\/\/antoniolongarito.com\/stock\/?post_type=product&#038;p=7423"},"modified":"2024-01-31T17:07:40","modified_gmt":"2024-01-31T17:07:40","slug":"striato-grigio-1040121l002","status":"publish","type":"product","link":"https:\/\/antoniolongarito.com\/stock\/product\/striato-grigio-1040121l002\/","title":{"rendered":"Striato Grigio # 1040121L002"},"content":{"rendered":"<p>Calc\u00e1rio estriado ou microbandado, de tons cinza e prata, com varia\u00e7\u00e3o suave. Formado por evapora\u00e7\u00e3o de \u00e1guas termais carbonatadas, num fen\u00f3meno equivalente \u00e0 forma\u00e7\u00e3o de estalactites e estalagmites em algumas grutas ou nascentes c\u00e1rsicas. A tonalidade das suas estrias varia conforme as condi\u00e7\u00f5es do ambiente de forma\u00e7\u00e3o, a presen\u00e7a de compostos org\u00e2nicos refor\u00e7a os tons mais escuros, os sulfuretos, os tons prateados. Este contraste \u00e9 ainda avivado pelo tratamento superficial que intensifica o seu brilho natural e a sua textura r\u00edtmica e rendilhada.<\/p>\n<p><strong>APLICA\u00c7\u00d5ES<\/strong><\/p>\n<ul>\n<li>Piso exterior: N\u00e3o<\/li>\n<li>Fachada: Sim*<\/li>\n<li>Piso interior: Sim*<\/li>\n<li>Revestimento interior: Sim<\/li>\n<li>Casa de Banho: Sim<\/li>\n<li>Lareira: Sim*<\/li>\n<li>Mobili\u00e1rio: Sim<\/li>\n<li>Bancada da cozinha: N\u00e3o<\/li>\n<li>Retroilumina\u00e7\u00e3o: N\u00e3o<\/li>\n<\/ul>\n<p>(*com tratamento e assentamento especializado)<\/p>\n<p><strong>DESEMPENHO T\u00c9CNICO<\/strong><\/p>\n<ul>\n<li>Resist\u00eancia \u00e0 abras\u00e3o: Baixa a Moderada<\/li>\n<li>Resist\u00eancia \u00e0 mancha: Moderada<\/li>\n<li>Resist\u00eancia \u00e0 Geada e Calor: Moderada<\/li>\n<li>Resist\u00eancia aos raios UV: Moderada a Alta<\/li>\n<\/ul>\n<p><strong>CUIDADOS E MANUTEN\u00c7\u00c3O<\/strong><\/p>\n<p>Este calc\u00e1rio, apesar de pouco poroso, \u00e9 especialmente vulner\u00e1vel a \u00e1cidos dom\u00e9sticos como vinagre, mostarda, citrinos, etc. Os l\u00edquidos \u00e1cidos podem causar manchas quando entram em contacto com a superf\u00edcie se n\u00e3o forem imediatamente limpos. Para evitar isto aconselha-se um tratamento impermeabilizante. Para a limpeza di\u00e1ria recomenda-se um detergente de pH neutro. Como n\u00e3o \u00e9 uma pedra natural dura, risca e sofre abras\u00e3o com a utiliza\u00e7\u00e3o continuada, perdendo o polimento sem, contudo, perder o brilho natural. Considera-se este \u201cenvelhecimento\u201d uma particularidade est\u00e9tica \u00fanica.<\/p>\n","protected":false},"excerpt":{"rendered":"<p>Calc\u00e1rio estriado ou microbandado, de tons cinza e prata, com varia\u00e7\u00e3o suave. Formado por evapora\u00e7\u00e3o de \u00e1guas termais carbonatadas, num fen\u00f3meno equivalente \u00e0 forma\u00e7\u00e3o de estalactites e estalagmites em algumas grutas ou nascentes c\u00e1rsicas. A tonalidade das suas estrias varia conforme as condi\u00e7\u00f5es do ambiente de forma\u00e7\u00e3o, a presen\u00e7a de&hellip;<\/p>\n","protected":false},"featured_media":7425,"template":"","meta":[],"product_cat":[216],"product_tag":[],"acf":[],"_links":{"self":[{"href":"https:\/\/antoniolongarito.com\/stock\/wp-json\/wp\/v2\/product\/7423"}],"collection":[{"href":"https:\/\/antoniolongarito.com\/stock\/wp-json\/wp\/v2\/product"}],"about":[{"href":"https:\/\/antoniolongarito.com\/stock\/wp-json\/wp\/v2\/types\/product"}],"wp:featuredmedia":[{"embeddable":true,"href":"https:\/\/antoniolongarito.com\/stock\/wp-json\/wp\/v2\/media\/7425"}],"wp:attachment":[{"href":"https:\/\/antoniolongarito.com\/stock\/wp-json\/wp\/v2\/media?parent=7423"}],"wp:term":[{"taxonomy":"product_cat","embeddable":true,"href":"https:\/\/antoniolongarito.com\/stock\/wp-json\/wp\/v2\/product_cat?post=7423"},{"taxonomy":"product_tag","embeddable":true,"href":"https:\/\/antoniolongarito.com\/stock\/wp-json\/wp\/v2\/product_tag?post=7423"}],"curies":[{"name":"wp","href":"https:\/\/api.w.org\/{rel}","templated":true}]}}