{"id":7451,"date":"2023-01-10T12:10:12","date_gmt":"2023-01-10T12:10:12","guid":{"rendered":"https:\/\/antoniolongarito.com\/stock\/?post_type=product&#038;p=7451"},"modified":"2023-01-10T12:17:27","modified_gmt":"2023-01-10T12:17:27","slug":"travertino-gribrown-2002615l001","status":"publish","type":"product","link":"https:\/\/antoniolongarito.com\/stock\/product\/travertino-gribrown-2002615l001\/","title":{"rendered":"Travertino Gribrown # 2002615L001"},"content":{"rendered":"<p>A pedra do Coliseu Romano, das\u00a0<em>villae\u00a0<\/em>e termas do grande Imp\u00e9rio \u00e9 o travertino. Um calc\u00e1rio bandado, poroso, formado por evapora\u00e7\u00e3o de \u00e1guas calc\u00e1rias, ou por precipita\u00e7\u00e3o, num fen\u00f3meno equivalente \u00e0 forma\u00e7\u00e3o de estalactites e estalagmites em algumas grutas ou nascentes. A tonalidade das suas bandas pode variar conforme as condi\u00e7\u00f5es do ambiente de forma\u00e7\u00e3o, estando presentes compostos org\u00e2nicos prevalecem tons cinza-prata, se estiverem hidr\u00f3xidos de ferro imperam os tons laranja-dourados, t\u00edpicos do travertino <em>giallo<\/em> ou amarillo. Estes s\u00e3o ainda avivados pelo tratamento superficial com resina, que mais destaca o seu brilho natural e a sua textura bandada e rendilhada.<\/p>\n<p><strong>APLICA\u00c7\u00d5ES:<\/strong><\/p>\n<ul>\n<li>Piso exterior: N\u00e3o<\/li>\n<li>Fachada: Sim<\/li>\n<li>Piso interior: Sim*<\/li>\n<li>Revestimento interior: Sim<\/li>\n<li>Casa de Banho: Sim*<\/li>\n<li>Lareira: Sim*<\/li>\n<li>Mobili\u00e1rio: Sim<\/li>\n<li>Bancada da cozinha: N\u00e3o<\/li>\n<\/ul>\n<p>(*com tratamento e assentamento especializado)<\/p>\n<p><strong>DESEMPENHO T\u00c9CNICO<\/strong><\/p>\n<ul>\n<li>Resist\u00eancia \u00e0 abras\u00e3o: Baixa<\/li>\n<li>Resist\u00eancia \u00e0 mancha: Baixa a Moderada<\/li>\n<li>Resist\u00eancia \u00e0 geada e ao calor: Baixa a Moderada<\/li>\n<li>Resist\u00eancia aos raios UV: Moderada<\/li>\n<\/ul>\n<p><strong>CUIDADOS E MANUTEN\u00c7\u00c3O<\/strong><\/p>\n<p>Esta pedra \u00e9 beneficiada por resinas superficiais que selam poros, reduzindo a absor\u00e7\u00e3o e melhorando o polimento brilhante. Valoriza ainda o desempenho mec\u00e2nico e resist\u00eancia aos \u00e1cidos. Deve ser limpa com detergentes neutros, evitando-se a exposi\u00e7\u00e3o a fumos e atmosferas polu\u00eddas, bem como a produtos abrasivos ou que possam riscar a superf\u00edcie.<\/p>\n","protected":false},"excerpt":{"rendered":"<p>A pedra do Coliseu Romano, das\u00a0villae\u00a0e termas do grande Imp\u00e9rio \u00e9 o travertino. Um calc\u00e1rio bandado, poroso, formado por evapora\u00e7\u00e3o de \u00e1guas calc\u00e1rias, ou por precipita\u00e7\u00e3o, num fen\u00f3meno equivalente \u00e0 forma\u00e7\u00e3o de estalactites e estalagmites em algumas grutas ou nascentes. A tonalidade das suas bandas pode variar conforme as condi\u00e7\u00f5es&hellip;<\/p>\n","protected":false},"featured_media":7454,"template":"","meta":[],"product_cat":[216],"product_tag":[],"acf":[],"_links":{"self":[{"href":"https:\/\/antoniolongarito.com\/stock\/wp-json\/wp\/v2\/product\/7451"}],"collection":[{"href":"https:\/\/antoniolongarito.com\/stock\/wp-json\/wp\/v2\/product"}],"about":[{"href":"https:\/\/antoniolongarito.com\/stock\/wp-json\/wp\/v2\/types\/product"}],"wp:featuredmedia":[{"embeddable":true,"href":"https:\/\/antoniolongarito.com\/stock\/wp-json\/wp\/v2\/media\/7454"}],"wp:attachment":[{"href":"https:\/\/antoniolongarito.com\/stock\/wp-json\/wp\/v2\/media?parent=7451"}],"wp:term":[{"taxonomy":"product_cat","embeddable":true,"href":"https:\/\/antoniolongarito.com\/stock\/wp-json\/wp\/v2\/product_cat?post=7451"},{"taxonomy":"product_tag","embeddable":true,"href":"https:\/\/antoniolongarito.com\/stock\/wp-json\/wp\/v2\/product_tag?post=7451"}],"curies":[{"name":"wp","href":"https:\/\/api.w.org\/{rel}","templated":true}]}}