{"id":7455,"date":"2023-01-10T12:40:51","date_gmt":"2023-01-10T12:40:51","guid":{"rendered":"https:\/\/antoniolongarito.com\/stock\/?post_type=product&#038;p=7455"},"modified":"2023-01-10T12:45:57","modified_gmt":"2023-01-10T12:45:57","slug":"granito-ranaissance-2002615l001","status":"publish","type":"product","link":"https:\/\/antoniolongarito.com\/stock\/product\/granito-ranaissance-2002615l001\/","title":{"rendered":"Granito Renaissance Alf #2002615L001"},"content":{"rendered":"<p><strong>APLICA\u00c7\u00d5ES<\/strong><\/p>\n<ul>\n<li>Piso exterior: N\u00e3o<\/li>\n<li>Fachada: Sim<\/li>\n<li>Piso interior: Sim<\/li>\n<li>Revestimento interior: Sim<\/li>\n<li>Casa de Banho: Sim<\/li>\n<li>Lareira: Sim<\/li>\n<li>Mobili\u00e1rio: Sim<\/li>\n<li>Bancada da cozinha: Sim<\/li>\n<li>Retroilumina\u00e7\u00e3o: Sim<\/li>\n<\/ul>\n<p><strong>DESEMPENHO T\u00c9CNICO<\/strong><\/p>\n<ul>\n<li>Resist\u00eancia \u00e0 abras\u00e3o: Alta<\/li>\n<li>Resist\u00eancia \u00e0 mancha: Alta<\/li>\n<li>Resist\u00eancia \u00e0 Geada e ao Calor: Alta<\/li>\n<li>Resist\u00eancia aos Raios UV: Alta a Moderada<\/li>\n<\/ul>\n<p><strong>CUIDADOS E MANUTEN\u00c7\u00c3O<\/strong><\/p>\n<p>Tal como os granitos n\u00e3o mancham, n\u00e3o fraturam, nem riscam. Entre os padr\u00f5es texturais apresentam veios e alinhamentos de minerais que sugerem riscas ou manchas, todavia, s\u00e3o padr\u00f5es pr\u00f3prios do exotismo deste material. S\u00e3o pouco sens\u00edveis aos l\u00edquidos e atmosferas acidas ou alcalinas, podem ser limpos com a generalidade dos detergentes e desinfetantes. O seu polimento persiste e a superf\u00edcie mant\u00e9m-se brilhante, mas pode receber novo polimento, reavendo todo o brilho, se estiver sujeito a maior abras\u00e3o.<\/p>\n","protected":false},"excerpt":{"rendered":"<p>APLICA\u00c7\u00d5ES Piso exterior: N\u00e3o Fachada: Sim Piso interior: Sim Revestimento interior: Sim Casa de Banho: Sim Lareira: Sim Mobili\u00e1rio: Sim Bancada da cozinha: Sim Retroilumina\u00e7\u00e3o: Sim DESEMPENHO T\u00c9CNICO Resist\u00eancia \u00e0 abras\u00e3o: Alta Resist\u00eancia \u00e0 mancha: Alta Resist\u00eancia \u00e0 Geada e ao Calor: Alta Resist\u00eancia aos Raios UV: Alta a Moderada&hellip;<\/p>\n","protected":false},"featured_media":7457,"template":"","meta":[],"product_cat":[215],"product_tag":[],"acf":[],"_links":{"self":[{"href":"https:\/\/antoniolongarito.com\/stock\/wp-json\/wp\/v2\/product\/7455"}],"collection":[{"href":"https:\/\/antoniolongarito.com\/stock\/wp-json\/wp\/v2\/product"}],"about":[{"href":"https:\/\/antoniolongarito.com\/stock\/wp-json\/wp\/v2\/types\/product"}],"wp:featuredmedia":[{"embeddable":true,"href":"https:\/\/antoniolongarito.com\/stock\/wp-json\/wp\/v2\/media\/7457"}],"wp:attachment":[{"href":"https:\/\/antoniolongarito.com\/stock\/wp-json\/wp\/v2\/media?parent=7455"}],"wp:term":[{"taxonomy":"product_cat","embeddable":true,"href":"https:\/\/antoniolongarito.com\/stock\/wp-json\/wp\/v2\/product_cat?post=7455"},{"taxonomy":"product_tag","embeddable":true,"href":"https:\/\/antoniolongarito.com\/stock\/wp-json\/wp\/v2\/product_tag?post=7455"}],"curies":[{"name":"wp","href":"https:\/\/api.w.org\/{rel}","templated":true}]}}