{"id":7793,"date":"2024-01-30T17:45:36","date_gmt":"2024-01-30T17:45:36","guid":{"rendered":"https:\/\/antoniolongarito.com\/stock\/?post_type=product&#038;p=7793"},"modified":"2024-08-05T14:24:57","modified_gmt":"2024-08-05T14:24:57","slug":"bianco-viola-2011923l001","status":"publish","type":"product","link":"https:\/\/antoniolongarito.com\/stock\/product\/bianco-viola-2011923l001\/","title":{"rendered":"Bianco Viola #2011923L001 &#8211; FORA DE STOCK"},"content":{"rendered":"<p>M\u00e1rmore calc\u00edtico com matriz zonada de tons bem marcados, creme e cinza, acentuados pelo tom de violeta, gracioso e quente. Os veios s\u00e3o pouco definidos, com arranjo obl\u00edquo e sec\u00e7\u00f5es colapsadas, estas, sim, de alto contraste, de cor cinza escura e brilho met\u00e1lico. Esta combina\u00e7\u00e3o de texturas deve-se \u00e0 g\u00e9nese metam\u00f3rfica, em profundidade e com alta press\u00e3o e temperatura, reformulando rochas pr\u00e9-existentes, neste caso, calc\u00e1rios muito cristalinos. Os aspetos texturais como pontua\u00e7\u00f5es, veios ou zonamentos devem-se \u00e0 presen\u00e7a de minerais reativos, do grupo dos \u00f3xidos e dos sulfuretos, que se v\u00e3o equilibrando ao longo do tempo de forma\u00e7\u00e3o, passando a integrar parcialmente a matriz.<\/p>\n<p><strong>APLICA\u00c7\u00d5ES<\/strong><\/p>\n<ul>\n<li>Piso exterior: Sim*<\/li>\n<li>Fachada: Sim*<\/li>\n<li>Piso interior: Sim*<\/li>\n<li>Revestimento interior: Sim<\/li>\n<li>Casa de Banho: Sim<\/li>\n<li>Lareira: Sim*<\/li>\n<li>Mobili\u00e1rio: Sim<\/li>\n<li>Bancada da cozinha: N\u00e3o<\/li>\n<li>Retroilumina\u00e7\u00e3o: N\u00e3o<\/li>\n<\/ul>\n<p>(*com tratamento e assentamento especializado)<\/p>\n<p><strong>DESEMPENHO T\u00c9CNICO<\/strong><\/p>\n<ul>\n<li>Resist\u00eancia \u00e0 abras\u00e3o: Baixa<\/li>\n<li>Resist\u00eancia \u00e0 mancha: Baixa a Moderada<\/li>\n<li>Resist\u00eancia \u00e0 Geada e Calor: Moderada<\/li>\n<li>Resist\u00eancia aos raios UV: Baixa a Moderada<\/li>\n<\/ul>\n<p><strong>CUIDADOS E MANUTEN\u00c7\u00c3O<\/strong><\/p>\n<p>Um m\u00e1rmore brecha \u00e9 tendencialmente mais poroso e vulner\u00e1vel a \u00e1cidos dom\u00e9sticos como vinagre, mostarda, citrinos, etc. Os l\u00edquidos \u00e1cidos podem causar manchas quando entram em contacto com a superf\u00edcie se n\u00e3o forem imediatamente limpos. Para evitar isto aconselha-se um tratamento impermeabilizante. Para a limpeza di\u00e1ria recomenda-se um detergente de pH neutro. Como n\u00e3o \u00e9 um material duro, risca e sofre abras\u00e3o com a utiliza\u00e7\u00e3o continuada, pode perder o polimento sem perder o brilho natural.<\/p>\n","protected":false},"excerpt":{"rendered":"<p>M\u00e1rmore calc\u00edtico com matriz zonada de tons bem marcados, creme e cinza, acentuados pelo tom de violeta, gracioso e quente. Os veios s\u00e3o pouco definidos, com arranjo obl\u00edquo e sec\u00e7\u00f5es colapsadas, estas, sim, de alto contraste, de cor cinza escura e brilho met\u00e1lico. Esta combina\u00e7\u00e3o de texturas deve-se \u00e0 g\u00e9nese&hellip;<\/p>\n","protected":false},"featured_media":7795,"template":"","meta":[],"product_cat":[216],"product_tag":[834,904,903],"acf":[],"_links":{"self":[{"href":"https:\/\/antoniolongarito.com\/stock\/wp-json\/wp\/v2\/product\/7793"}],"collection":[{"href":"https:\/\/antoniolongarito.com\/stock\/wp-json\/wp\/v2\/product"}],"about":[{"href":"https:\/\/antoniolongarito.com\/stock\/wp-json\/wp\/v2\/types\/product"}],"wp:featuredmedia":[{"embeddable":true,"href":"https:\/\/antoniolongarito.com\/stock\/wp-json\/wp\/v2\/media\/7795"}],"wp:attachment":[{"href":"https:\/\/antoniolongarito.com\/stock\/wp-json\/wp\/v2\/media?parent=7793"}],"wp:term":[{"taxonomy":"product_cat","embeddable":true,"href":"https:\/\/antoniolongarito.com\/stock\/wp-json\/wp\/v2\/product_cat?post=7793"},{"taxonomy":"product_tag","embeddable":true,"href":"https:\/\/antoniolongarito.com\/stock\/wp-json\/wp\/v2\/product_tag?post=7793"}],"curies":[{"name":"wp","href":"https:\/\/api.w.org\/{rel}","templated":true}]}}